{"id":1054,"date":"2019-08-19T13:42:15","date_gmt":"2019-08-19T11:42:15","guid":{"rendered":"http:\/\/csp.messeservicebau.com\/?post_type=product&#038;p=1054"},"modified":"2025-10-20T07:44:25","modified_gmt":"2025-10-20T06:44:25","slug":"getraenkekuehlschrank","status":"publish","type":"product","link":"https:\/\/csp.messeservicebau.com\/en\/product\/getraenkekuehlschrank\/","title":{"rendered":"Beverage fridge"},"content":{"rendered":"<ul>\n<li>54 cm x 55cm\u00a0 x 145 cm<\/li>\n<li>115 litres - special shelfs for beverages<\/li>\n<li>glass door (lockable)<\/li>\n<\/ul>","protected":false},"excerpt":{"rendered":"<p>54 cm x 55cm\u00a0 x 145 cm 115 Liter &#8211; spezielles Ablagesystem f\u00fcr Getr\u00e4nke Glast\u00fcr<\/p>","protected":false},"featured_media":1848,"template":"","meta":[],"product_cat":[26],"product_tag":[],"_links":{"self":[{"href":"https:\/\/csp.messeservicebau.com\/en\/wp-json\/wp\/v2\/product\/1054"}],"collection":[{"href":"https:\/\/csp.messeservicebau.com\/en\/wp-json\/wp\/v2\/product"}],"about":[{"href":"https:\/\/csp.messeservicebau.com\/en\/wp-json\/wp\/v2\/types\/product"}],"wp:featuredmedia":[{"embeddable":true,"href":"https:\/\/csp.messeservicebau.com\/en\/wp-json\/wp\/v2\/media\/1848"}],"wp:attachment":[{"href":"https:\/\/csp.messeservicebau.com\/en\/wp-json\/wp\/v2\/media?parent=1054"}],"wp:term":[{"taxonomy":"product_cat","embeddable":true,"href":"https:\/\/csp.messeservicebau.com\/en\/wp-json\/wp\/v2\/product_cat?post=1054"},{"taxonomy":"product_tag","embeddable":true,"href":"https:\/\/csp.messeservicebau.com\/en\/wp-json\/wp\/v2\/product_tag?post=1054"}],"curies":[{"name":"wp","href":"https:\/\/api.w.org\/{rel}","templated":true}]}}