{"id":1700,"date":"2019-10-11T09:34:40","date_gmt":"2019-10-11T07:34:40","guid":{"rendered":"https:\/\/csp.messeservicebau.com\/?post_type=product&#038;p=1700"},"modified":"2025-05-08T13:53:05","modified_gmt":"2025-05-08T12:53:05","slug":"blende-mit-schriftzug-und-logo","status":"publish","type":"product","link":"https:\/\/csp.messeservicebau.com\/de\/produkt\/blende-mit-schriftzug-und-logo\/","title":{"rendered":"Blende mit Schriftzug und Logo"},"content":{"rendered":"<ul>\n<li><span style=\"color: #ff0000;\">2040 mm x 300 mm (Breite x H\u00f6he) =&gt; Ma\u00dfe f\u00fcr Druckdatei<br \/>\n<\/span><\/li>\n<li>ohne Beschnitt, ohne Passermarken<\/li>\n<li>mehrfarbiger Druck mit Ihrem Logo (Wort-\/Bildmarke)<\/li>\n<li>Bitte senden Sie uns Ihre Druckdatei als PDF\/X3<\/li>\n<\/ul>\n","protected":false},"excerpt":{"rendered":"<p>2040 mm x 300 mm (Breite x H\u00f6he) =&gt; Ma\u00dfe f\u00fcr Druckdatei ohne Beschnitt, ohne Passermarken mehrfarbiger Druck mit Ihrem Logo (Wort-\/Bildmarke) Bitte senden Sie uns Ihre Druckdatei als PDF\/X3<\/p>\n","protected":false},"featured_media":4603,"template":"","meta":[],"product_cat":[311],"product_tag":[],"_links":{"self":[{"href":"https:\/\/csp.messeservicebau.com\/de\/wp-json\/wp\/v2\/product\/1700"}],"collection":[{"href":"https:\/\/csp.messeservicebau.com\/de\/wp-json\/wp\/v2\/product"}],"about":[{"href":"https:\/\/csp.messeservicebau.com\/de\/wp-json\/wp\/v2\/types\/product"}],"wp:featuredmedia":[{"embeddable":true,"href":"https:\/\/csp.messeservicebau.com\/de\/wp-json\/wp\/v2\/media\/4603"}],"wp:attachment":[{"href":"https:\/\/csp.messeservicebau.com\/de\/wp-json\/wp\/v2\/media?parent=1700"}],"wp:term":[{"taxonomy":"product_cat","embeddable":true,"href":"https:\/\/csp.messeservicebau.com\/de\/wp-json\/wp\/v2\/product_cat?post=1700"},{"taxonomy":"product_tag","embeddable":true,"href":"https:\/\/csp.messeservicebau.com\/de\/wp-json\/wp\/v2\/product_tag?post=1700"}],"curies":[{"name":"wp","href":"https:\/\/api.w.org\/{rel}","templated":true}]}}