{"id":1699,"date":"2019-10-11T09:34:02","date_gmt":"2019-10-11T07:34:02","guid":{"rendered":"https:\/\/csp.messeservicebau.com\/?post_type=product&#038;p=1699"},"modified":"2025-05-08T09:45:48","modified_gmt":"2025-05-08T08:45:48","slug":"zweite-standardblende","status":"publish","type":"product","link":"https:\/\/csp.messeservicebau.com\/de\/produkt\/zweite-standardblende\/","title":{"rendered":"Zweite Standardblende"},"content":{"rendered":"<ul>\n<li>hierbei handelt es sich nur um die 2. Blende f\u00fcr Eckst\u00e4nde<\/li>\n<li>Bitte Abbildung beachten!<\/li>\n<li><span style=\"color: #ff0000;\">2040 mm x 300 mm (Breite x H\u00f6he) =&gt; Ma\u00dfe f\u00fcr Druckdatei<\/span><\/li>\n<\/ul>\n","protected":false},"excerpt":{"rendered":"<p>hierbei handelt es sich nur um die 2. Blende f\u00fcr Eckst\u00e4nde Bitte Abbildung beachten! 2040 mm x 300 mm (Breite x H\u00f6he) =&gt; Ma\u00dfe f\u00fcr Druckdatei<\/p>\n","protected":false},"featured_media":4604,"template":"","meta":[],"product_cat":[311],"product_tag":[],"_links":{"self":[{"href":"https:\/\/csp.messeservicebau.com\/de\/wp-json\/wp\/v2\/product\/1699"}],"collection":[{"href":"https:\/\/csp.messeservicebau.com\/de\/wp-json\/wp\/v2\/product"}],"about":[{"href":"https:\/\/csp.messeservicebau.com\/de\/wp-json\/wp\/v2\/types\/product"}],"wp:featuredmedia":[{"embeddable":true,"href":"https:\/\/csp.messeservicebau.com\/de\/wp-json\/wp\/v2\/media\/4604"}],"wp:attachment":[{"href":"https:\/\/csp.messeservicebau.com\/de\/wp-json\/wp\/v2\/media?parent=1699"}],"wp:term":[{"taxonomy":"product_cat","embeddable":true,"href":"https:\/\/csp.messeservicebau.com\/de\/wp-json\/wp\/v2\/product_cat?post=1699"},{"taxonomy":"product_tag","embeddable":true,"href":"https:\/\/csp.messeservicebau.com\/de\/wp-json\/wp\/v2\/product_tag?post=1699"}],"curies":[{"name":"wp","href":"https:\/\/api.w.org\/{rel}","templated":true}]}}