{"id":2744,"date":"2020-07-14T17:47:26","date_gmt":"2020-07-14T15:47:26","guid":{"rendered":"https:\/\/csp.messeservicebau.com\/?page_id=2744"},"modified":"2020-07-14T17:47:26","modified_gmt":"2020-07-14T15:47:26","slug":"bsc-registrierung","status":"publish","type":"page","link":"https:\/\/csp.messeservicebau.com\/de\/bsc-registrierung\/","title":{"rendered":"BSC Registrierung"},"content":{"rendered":"<h2 style=\"text-align: center;\">Willkommen bei der Registrierung f\u00fcr das MSB-Serviceportal<\/h2>\n\r\n<div class=\"um um-register um-2740\">\r\n\r\n\t<div class=\"um-form\" data-mode=\"register\">\r\n\r\n\t\t<form method=\"post\" action=\"\">\r\n\r\n\t\t\t<div class=\"um-row-heading\" style=\"margin: 0px 0px 30px 0px;margin-bottom: 0px;border-width: 0px 0px 0px 0px;border-style: solid;border-radius: 0px 0px 0px 0px;border-bottom-width: 0px;\">Konto<\/div><div class=\"um-row _um_row_1 \" style=\"padding: 0px 0px 0px 0px;margin: 0px 0px 30px 0px;margin-top: 0px;border-width: 0px 0px 0px 0px;border-top-width: 0px;border-style: solid;border-radius: 0px 0px 0px 0px;\"><div class=\"um-col-121\"><div  id=\"um_field_2740_user_login\" class=\"um-field um-field-text  um-field-user_login um-field-text um-field-type_text\" data-key=\"user_login\"><div class=\"um-field-label\"><label for=\"user_login-2740\">Benutzername<span class=\"um-req\" title=\"Erforderlich\">*<\/span><\/label><span class=\"um-tip um-tip-w\" title=\"Keine Trennzeichen\"><i class=\"um-icon-help-circled\"><\/i><\/span><div class=\"um-clear\"><\/div><\/div><div class=\"um-field-area\"><input  autocomplete=\"off\" class=\"um-form-field valid \" type=\"text\" name=\"user_login-2740\" id=\"user_login-2740\" value=\"\" placeholder=\"\" data-validate=\"unique_username\" data-key=\"user_login\" \/>\r\n\r\n\t\t\t\t\t\t<\/div><\/div><div  id=\"um_field_2740_user_email\" class=\"um-field um-field-text  um-field-user_email um-field-text um-field-type_text\" data-key=\"user_email\"><div class=\"um-field-label\"><label for=\"user_email-2740\">E-Mail Adresse<span class=\"um-req\" title=\"Erforderlich\">*<\/span><\/label><div class=\"um-clear\"><\/div><\/div><div class=\"um-field-area\"><input  autocomplete=\"off\" class=\"um-form-field valid \" type=\"text\" name=\"user_email-2740\" id=\"user_email-2740\" value=\"\" placeholder=\"\" data-validate=\"is_email\" data-key=\"user_email\" \/>\r\n\r\n\t\t\t\t\t\t<\/div><\/div><\/div><div class=\"um-col-122\"><div  id=\"um_field_2740_user_password\" class=\"um-field um-field-password  um-field-user_password um-field-password um-field-type_password\" data-key=\"user_password\"><div class=\"um-field-label\"><label for=\"user_password-2740\">Passwort<span class=\"um-req\" title=\"Erforderlich\">*<\/span><\/label><span class=\"um-tip um-tip-w\" title=\"Eine Kombination von Gro\u00df-,Kleinbuchstaben und Zahlen mit min. 6 Zeichen\"><i class=\"um-icon-help-circled\"><\/i><\/span><div class=\"um-clear\"><\/div><\/div><div class=\"um-field-area\"><input class=\"um-form-field valid \" type=\"password\" name=\"user_password-2740\" id=\"user_password-2740\" value=\"\" placeholder=\"\" data-validate=\"\" data-key=\"user_password\" \/>\r\n\r\n\t\t\t\t\t\t<\/div><\/div><div  id=\"um_field_2740_confirm_user_password\" class=\"um-field um-field-password  um-field-user_password um-field-password um-field-type_password\" data-key=\"confirm_user_password\"><div class=\"um-field-label\"><label for=\"confirm_user_password-2740\">Passwort best\u00e4tigen<span class=\"um-req\" title=\"Erforderlich\">*<\/span><\/label><div class=\"um-clear\"><\/div><\/div><div class=\"um-field-area\"><input class=\"um-form-field valid \" type=\"password\" name=\"confirm_user_password-2740\" id=\"confirm_user_password-2740\" value=\"\" placeholder=\"\" data-validate=\"\" data-key=\"confirm_user_password\" \/>\r\n\r\n\t\t\t\t\t\t\t\t<\/div><\/div><\/div><div class=\"um-clear\"><\/div><\/div><div class=\"um-row-heading\" style=\"margin: 0px 0px 30px 0px;margin-bottom: 0px;border-width: 0px 0px 0px 0px;border-style: solid;border-radius: 0px 0px 0px 0px;border-bottom-width: 0px;\">Zusatzinformationen<\/div><div class=\"um-row _um_row_2 \" style=\"padding: 0px 0px 0px 0px;margin: 0px 0px 30px 0px;margin-top: 0px;border-width: 0px 0px 0px 0px;border-top-width: 0px;border-style: solid;border-radius: 0px 0px 0px 0px;\"><div class=\"um-col-121\"><div  id=\"um_field_2740_billing_exhibitor\" class=\"um-field um-field-text  um-field-billing_exhibitor um-field-text um-field-type_text\" data-key=\"billing_exhibitor\"><div class=\"um-field-label\"><label for=\"billing_exhibitor-2740\">Ausstellername<\/label><div class=\"um-clear\"><\/div><\/div><div class=\"um-field-area\"><input  autocomplete=\"off\" class=\"um-form-field valid not-required \" type=\"text\" name=\"billing_exhibitor-2740\" id=\"billing_exhibitor-2740\" value=\"\" placeholder=\"\" data-validate=\"\" data-key=\"billing_exhibitor\" \/>\r\n\r\n\t\t\t\t\t\t<\/div><\/div><div  id=\"um_field_2740_billing_booth_number\" class=\"um-field um-field-text  um-field-billing_booth_number um-field-text um-field-type_text\" data-key=\"billing_booth_number\"><div class=\"um-field-label\"><label for=\"billing_booth_number-2740\">Standnummer<\/label><div class=\"um-clear\"><\/div><\/div><div class=\"um-field-area\"><input  autocomplete=\"off\" class=\"um-form-field valid not-required \" type=\"text\" name=\"billing_booth_number-2740\" id=\"billing_booth_number-2740\" value=\"\" placeholder=\"\" data-validate=\"\" data-key=\"billing_booth_number\" \/>\r\n\r\n\t\t\t\t\t\t<\/div><\/div><div  id=\"um_field_2740_billing_booth_dimension\" class=\"um-field um-field-text  um-field-billing_booth_dimension um-field-text um-field-type_text\" data-key=\"billing_booth_dimension\"><div class=\"um-field-label\"><label for=\"billing_booth_dimension-2740\">Standdimension<\/label><span class=\"um-tip um-tip-w\" title=\"Bitte im Format a x b Meter \"><i class=\"um-icon-help-circled\"><\/i><\/span><div class=\"um-clear\"><\/div><\/div><div class=\"um-field-area\"><input  autocomplete=\"off\" class=\"um-form-field valid not-required \" type=\"text\" name=\"billing_booth_dimension-2740\" id=\"billing_booth_dimension-2740\" value=\"\" placeholder=\"\" data-validate=\"\" data-key=\"billing_booth_dimension\" \/>\r\n\r\n\t\t\t\t\t\t<\/div><\/div><\/div><div class=\"um-col-122\"><div  id=\"um_field_2740_billing_vat_number\" class=\"um-field um-field-text  um-field-billing_vat_number um-field-text um-field-type_text\" data-key=\"billing_vat_number\"><div class=\"um-field-label\"><label for=\"billing_vat_number-2740\">VAT Nummer<\/label><div class=\"um-clear\"><\/div><\/div><div class=\"um-field-area\"><input  autocomplete=\"off\" class=\"um-form-field valid not-required \" type=\"text\" name=\"billing_vat_number-2740\" id=\"billing_vat_number-2740\" value=\"\" placeholder=\"\" data-validate=\"\" data-key=\"billing_vat_number\" \/>\r\n\r\n\t\t\t\t\t\t<\/div><\/div><\/div><div class=\"um-clear\"><\/div><\/div>\r\n<!-- This file should primarily consist of HTML with a little bit of PHP. -->\r\n<div class=\"um-field um-field-type_terms_conditions\" data-key=\"use_terms_conditions_agreement\" style=\"display:block;padding:0;\">\r\n\t<div class=\"um-field-area\">\r\n\t\t<div class=\"um-gdpr-content\" style=\"display:none;\">\r\n\t\t\t<h2><strong>Datenschutzerkl\u00e4rung [printfriendly]<\/strong><\/h2>\r\nPersonenbezogene Daten (nachfolgend zumeist nur \u201eDaten\u201c genannt) werden von uns nur im Rahmen der Erforderlichkeit sowie zum Zwecke der Bereitstellung eines funktionsf\u00e4higen und nutzerfreundlichen Internetauftritts, inklusive seiner Inhalte und der dort angebotenen Leistungen, verarbeitet.\r\n\r\nGem\u00e4\u00df Art. 4 Ziffer 1. der Verordnung (EU) 2016\/679, also der Datenschutz-Grundverordnung (nachfolgend nur \u201eDSGVO\u201c genannt), gilt als \u201eVerarbeitung\u201c jeder mit oder ohne Hilfe automatisierter Verfahren ausgef\u00fchrter Vorgang oder jede solche Vorgangsreihe im Zusammenhang mit personenbezogenen Daten, wie das Erheben, das Erfassen, die Organisation, das Ordnen, die Speicherung, die Anpassung oder Ver\u00e4nderung, das Auslesen, das Abfragen, die Verwendung, die Offenlegung durch \u00dcbermittlung, Verbreitung oder eine andere Form der Bereitstellung, den Abgleich oder die Verkn\u00fcpfung, die Einschr\u00e4nkung, das L\u00f6schen oder die Vernichtung.\r\n\r\nMit der nachfolgenden Datenschutzerkl\u00e4rung informieren wir Sie insbesondere \u00fcber Art, Umfang, Zweck, Dauer und Rechtsgrundlage der Verarbeitung personenbezogener Daten, soweit wir entweder allein oder gemeinsam mit anderen \u00fcber die Zwecke und Mittel der Verarbeitung entscheiden. Zudem informieren wir Sie nachfolgend \u00fcber die von uns zu Optimierungszwecken sowie zur Steigerung der Nutzungsqualit\u00e4t eingesetzten Fremdkomponenten, soweit hierdurch Dritte Daten in wiederum eigener Verantwortung verarbeiten.\r\n\r\nUnsere Datenschutzerkl\u00e4rung ist wie folgt gegliedert:\r\n\r\nI. Informationen \u00fcber uns als Verantwortliche\r\nII. Rechte der Nutzer und Betroffenen\r\nIII. Informationen zur Datenverarbeitung\r\n\r\n<hr \/>\r\n\r\n<h3>I. Informationen \u00fcber uns als Verantwortliche<\/h3>\r\nVerantwortlicher Anbieter dieses Internetauftritts im datenschutzrechtlichen Sinne ist:\r\n\r\nMesse Service Bau Projekte GmbH Berlin\r\nSelma-Lagerl\u00f6f-Stra\u00dfe 7\r\n13189 Berlin\r\n\r\nTelefon: +(0)49 33056 2248-0\r\nE-Mail: info@messeservicebau.de\r\n\r\nDatenschutzbeauftragte\/r beim Anbieter ist:\r\n\r\nBritta G\u00f6tze\r\nAm Hasensprung 12\r\n16567 M\u00fchlenbeck\r\n\r\nTelefon: +(0)49 33056 2248-41\r\nE-Mail: info@messeservicebau.de\r\n\r\n<hr \/>\r\n\r\n<h3>II. Rechte der Nutzer und Betroffenen<\/h3>\r\nMit Blick auf die nachfolgend noch n\u00e4her beschriebene Datenverarbeitung haben die Nutzer und Betroffenen das Recht\r\n<ul>\r\n \t<li>auf Best\u00e4tigung, ob sie betreffende Daten verarbeitet werden, auf Auskunft \u00fcber die verarbeiteten Daten, auf weitere Informationen \u00fcber die Datenverarbeitung sowie auf Kopien der Daten (vgl. auch Art. 15 DSGVO);<\/li>\r\n \t<li>auf Berichtigung oder Vervollst\u00e4ndigung unrichtiger bzw. unvollst\u00e4ndiger Daten (vgl. auch Art. 16 DSGVO);<\/li>\r\n \t<li>auf unverz\u00fcgliche L\u00f6schung der sie betreffenden Daten (vgl. auch Art. 17 DSGVO), oder, alternativ, soweit eine weitere Verarbeitung gem\u00e4\u00df Art. 17 Abs. 3 DSGVO erforderlich ist, auf Einschr\u00e4nkung der Verarbeitung nach Ma\u00dfgabe von Art. 18 DSGVO;<\/li>\r\n \t<li>auf Erhalt der sie betreffenden und von ihnen bereitgestellten Daten und auf \u00dcbermittlung dieser Daten an andere Anbieter\/Verantwortliche (vgl. auch Art. 20 DSGVO);<\/li>\r\n \t<li>auf Beschwerde gegen\u00fcber der Aufsichtsbeh\u00f6rde, sofern sie der Ansicht sind, dass die sie betreffenden Daten durch den Anbieter unter Versto\u00df gegen datenschutzrechtliche Bestimmungen verarbeitet werden (vgl. auch Art. 77 DSGVO).<\/li>\r\n<\/ul>\r\nDar\u00fcber hinaus ist der Anbieter dazu verpflichtet, alle Empf\u00e4nger, denen gegen\u00fcber Daten durch den Anbieter offengelegt worden sind, \u00fcber jedwede Berichtigung oder L\u00f6schung von Daten oder die Einschr\u00e4nkung der Verarbeitung, die aufgrund der Artikel 16, 17 Abs. 1, 18 DSGVO erfolgt, zu unterrichten. Diese Verpflichtung besteht jedoch nicht, soweit diese Mitteilung unm\u00f6glich oder mit einem unverh\u00e4ltnism\u00e4\u00dfigen Aufwand verbunden ist. Unbeschadet dessen hat der Nutzer ein Recht auf Auskunft \u00fcber diese Empf\u00e4nger.\r\n\r\nEbenfalls haben die Nutzer und Betroffenen nach Art. 21 DSGVO das Recht auf Widerspruch gegen die k\u00fcnftige Verarbeitung der sie betreffenden Daten, sofern die Daten durch den Anbieter nach Ma\u00dfgabe von Art. 6 Abs. 1 lit. f) DSGVO verarbeitet werden. Insbesondere ist ein Widerspruch gegen die Datenverarbeitung zum Zwecke der Direktwerbung statthaft.\r\n\r\n<hr \/>\r\n\r\n<h3>III. Informationen zur Datenverarbeitung<\/h3>\r\nIhre bei Nutzung unseres Internetauftritts verarbeiteten Daten werden gel\u00f6scht oder gesperrt, sobald der Zweck der Speicherung entf\u00e4llt, da der L\u00f6schung der Daten keine gesetzlichen Aufbewahrungspflichten entgegenstehen und nachfolgend keine anderslautenden Angaben zu einzelnen Verarbeitungsverfahren gemacht werden.\r\n\r\n<hr \/>\r\n\r\n<h4>Serverdaten<\/h4>\r\nAus technischen Gr\u00fcnden, insbesondere zur Gew\u00e4hrleistung eines sicheren und stabilen Internetauftritts, werden Daten durch Ihren Internet-Browser an uns bzw. an unseren Webspace-Provider \u00fcbermittelt. Mit diesen sog. Server-Logfiles werden u.a. Typ und Version Ihres Internetbrowsers, das Betriebssystem, die Website, von der aus Sie auf unseren Internetauftritt gewechselt haben (Referrer URL), die Website(s) unseres Internetauftritts, die Sie besuchen, Datum und Uhrzeit des jeweiligen Zugriffs sowie die IP-Adresse des Internetanschlusses, von dem aus die Nutzung unseres Internetauftritts erfolgt, erhoben.\r\n\r\nDiese so erhobenen Daten werden vorr\u00fcbergehend gespeichert, dies jedoch nicht gemeinsam mit anderen Daten von Ihnen.\r\n\r\nDiese Speicherung erfolgt auf der Rechtsgrundlage von Art. 6 Abs. 1 lit. f) DSGVO. Unser berechtigtes Interesse liegt in der Verbesserung, Stabilit\u00e4t, Funktionalit\u00e4t und Sicherheit unseres Internetauftritts.\r\n\r\nDie Daten werden sp\u00e4testens nach sieben Tage wieder gel\u00f6scht, soweit keine weitere Aufbewahrung zu Beweiszwecken erforderlich ist. Andernfalls sind die Daten bis zur endg\u00fcltigen Kl\u00e4rung eines Vorfalls ganz oder teilweise von der L\u00f6schung ausgenommen.\r\n\r\n<hr \/>\r\n\r\n<h4>Vertragsabwicklung<\/h4>\r\nDie von Ihnen zur Inanspruchnahme unseres Waren- und\/oder Dienstleistungsangebots \u00fcbermittelten Daten werden von uns zum Zwecke der Vertragsabwicklung verarbeitet und sind insoweit erforderlich. Vertragsschluss und Vertragsabwicklung sind ohne Bereitstellung Ihrer Daten nicht m\u00f6glich.\r\n\r\nRechtsgrundlage f\u00fcr die Verarbeitung ist Art. 6 Abs. 1 lit. b) DSGVO.\r\n\r\nWir l\u00f6schen die Daten mit vollst\u00e4ndiger Vertragsabwicklung, m\u00fcssen dabei aber die steuer- und handelsrechtlichen Aufbewahrungsfristen beachten.\r\n\r\nIm Rahmen der Vertragsabwicklung geben wir Ihre Daten an das mit der Warenlieferung beauftragte Transportunternehmen oder an den Finanzdienstleister weiter, soweit die Weitergabe zur Warenauslieferung oder zu Bezahlzwecken erforderlich ist.\r\n\r\nRechtsgrundlage f\u00fcr die Weitergabe der Daten ist dann Art. 6 Abs. 1 lit. b) DSGVO.\r\n\r\n<hr \/>\r\n\r\n<h4>Kundenkonto \/ Registrierungsfunktion<\/h4>\r\nFalls Sie \u00fcber unseren Internetauftritt ein Kundenkonto bei uns anlegen, werden wir die von Ihnen bei der Registrierung eingegebenen Daten (also bspw. Ihren Namen, Ihre Anschrift oder Ihre E-Mail-Adresse) ausschlie\u00dflich f\u00fcr vorvertragliche Leistungen, f\u00fcr die Vertragserf\u00fcllung oder zum Zwecke der Kundenpflege (bspw. um Ihnen eine \u00dcbersicht \u00fcber Ihre bisherigen Bestellungen bei uns zur Verf\u00fcgung zu stellen oder um Ihnen die sog. Merkzettelfunktion anbieten zu k\u00f6nnen) erheben und speichern. Gleichzeitig speichern wir dann die IP-Adresse und das Datum Ihrer Registrierung nebst Uhrzeit. Eine Weitergabe dieser Daten an Dritte erfolgt nat\u00fcrlich nicht.\r\n\r\nIm Rahmen des weiteren Anmeldevorgangs wird Ihre Einwilligung in diese Verarbeitung eingeholt und auf diese Datenschutzerkl\u00e4rung verwiesen. Die dabei von uns erhobenen Daten werden ausschlie\u00dflich f\u00fcr die zur Verf\u00fcgungstellung des Kundenkontos verwendet.\r\n\r\nSoweit Sie in diese Verarbeitung einwilligen, ist Art. 6 Abs. 1 lit. a) DSGVO Rechtsgrundlage f\u00fcr die Verarbeitung.\r\n\r\nSofern die Er\u00f6ffnung des Kundenkontos zus\u00e4tzlich auch vorvertraglichen Ma\u00dfnahmen oder der Vertragserf\u00fcllung dient, so ist Rechtsgrundlage f\u00fcr diese Verarbeitung auch noch Art. 6 Abs. 1 lit. b) DSGVO.\r\n\r\nDie uns erteilte Einwilligung in die Er\u00f6ffnung und den Unterhalt des Kundenkontos k\u00f6nnen Sie gem\u00e4\u00df Art. 7 Abs. 3 DSGVO jederzeit mit Wirkung f\u00fcr die Zukunft widerrufen. Hierzu m\u00fcssen Sie uns lediglich \u00fcber Ihren Widerruf in Kenntnis setzen.\r\n\r\nDie insoweit erhobenen Daten werden gel\u00f6scht, sobald die Verarbeitung nicht mehr erforderlich ist. Hierbei m\u00fcssen wir aber steuer- und handelsrechtliche Aufbewahrungsfristen beachten.\t\t<\/div>\r\n\r\n\t\t\r\n\t\t<a href=\"javascript:void(0);\" class=\"um-toggle-gdpr\" data-toggle-state=\"hidden\"\r\n\t\t   data-toggle-show=\"Datenschutzerkl\u00e4rung anzeigen\"\r\n\t\t   data-toggle-hide=\"Datenschutzerkl\u00e4rung ausblenden\">\r\n\t\t\tDatenschutzerkl\u00e4rung anzeigen\t\t<\/a>\r\n\t<\/div>\r\n\t<div class=\"um-field-area\">\r\n\r\n\t\t\r\n\t\t<label class=\"um-field-checkbox\">\r\n\t\t\t<input type=\"checkbox\" name=\"use_gdpr_agreement\" value=\"1\">\r\n\t\t\t<span class=\"um-field-checkbox-state\"><i class=\"um-icon-android-checkbox-outline-blank\"><\/i><\/span>\r\n\t\t\t<span class=\"um-field-checkbox-option\">Bitte best\u00e4tigen Sie, dass Sie unsere Datenschutzerkl\u00e4rung gelesen haben und diese akzeptieren.<\/span>\r\n\t\t<\/label>\r\n\t\t<div class=\"um-clear\"><\/div>\r\n\r\n\t\t\r\n\t\t<div class=\"um-clear\"><\/div>\r\n\t<\/div>\r\n<\/div>\t\t<input type=\"hidden\" name=\"form_id\" id=\"form_id_2740\" value=\"2740\" \/>\r\n\t\r\n\t<input type=\"hidden\" name=\"timestamp\" class=\"um_timestamp\" value=\"1775343495\" \/>\r\n\r\n\t<p class=\"request_name\">\r\n\t\t<label for=\"request_2740\">Only fill in if you are not human<\/label>\r\n\t\t<input type=\"text\" name=\"request\" id=\"request_2740\" class=\"input\" value=\"\" size=\"25\" autocomplete=\"off\" \/>\r\n\t<\/p>\r\n\r\n\t<input type=\"hidden\" id=\"_wpnonce\" name=\"_wpnonce\" value=\"0ce5c3bb29\" \/><input type=\"hidden\" name=\"_wp_http_referer\" value=\"\/de\/wp-json\/wp\/v2\/pages\/2744\" \/>\r\n\t<div class=\"um-col-alt\">\r\n\r\n\t\t\r\n\t\t\t<div class=\"um-left um-half\">\r\n\t\t\t\t<input type=\"submit\" value=\"Registrieren\" class=\"um-button\" id=\"um-submit-btn\" \/>\r\n\t\t\t<\/div>\r\n\t\t\t<div class=\"um-right um-half\">\r\n\t\t\t\t<a href=\"https:\/\/csp.messeservicebau.com\/de\/login\/\" class=\"um-button um-alt\">\r\n\t\t\t\t\tAnmelden\t\t\t\t<\/a>\r\n\t\t\t<\/div>\r\n\r\n\t\t\r\n\t\t<div class=\"um-clear\"><\/div>\r\n\r\n\t<\/div>\r\n\r\n\t\t\t\r\n\t\t<\/form>\r\n\r\n\t<\/div>\r\n\r\n<\/div><style type=\"text\/css\">\r\n.um-2740.um {\r\n\tmax-width: 800px;\r\n}<\/style>\r\n\n","protected":false},"excerpt":{"rendered":"<p>Willkommen bei der Registrierung f\u00fcr das MSB-Serviceportal<\/p>\n","protected":false},"author":1,"featured_media":0,"parent":0,"menu_order":0,"comment_status":"closed","ping_status":"closed","template":"","meta":{"footnotes":""},"_links":{"self":[{"href":"https:\/\/csp.messeservicebau.com\/de\/wp-json\/wp\/v2\/pages\/2744"}],"collection":[{"href":"https:\/\/csp.messeservicebau.com\/de\/wp-json\/wp\/v2\/pages"}],"about":[{"href":"https:\/\/csp.messeservicebau.com\/de\/wp-json\/wp\/v2\/types\/page"}],"author":[{"embeddable":true,"href":"https:\/\/csp.messeservicebau.com\/de\/wp-json\/wp\/v2\/users\/1"}],"replies":[{"embeddable":true,"href":"https:\/\/csp.messeservicebau.com\/de\/wp-json\/wp\/v2\/comments?post=2744"}],"version-history":[{"count":1,"href":"https:\/\/csp.messeservicebau.com\/de\/wp-json\/wp\/v2\/pages\/2744\/revisions"}],"predecessor-version":[{"id":2747,"href":"https:\/\/csp.messeservicebau.com\/de\/wp-json\/wp\/v2\/pages\/2744\/revisions\/2747"}],"wp:attachment":[{"href":"https:\/\/csp.messeservicebau.com\/de\/wp-json\/wp\/v2\/media?parent=2744"}],"curies":[{"name":"wp","href":"https:\/\/api.w.org\/{rel}","templated":true}]}}